{"id":2135,"date":"2025-06-27T09:21:26","date_gmt":"2025-06-27T07:21:26","guid":{"rendered":"https:\/\/www.envolcreation.fr\/moninstantceramique\/?page_id=2135"},"modified":"2025-06-27T09:33:04","modified_gmt":"2025-06-27T07:33:04","slug":"privatisation","status":"publish","type":"page","link":"https:\/\/www.envolcreation.fr\/moninstantceramique\/privatisation\/","title":{"rendered":"Privatisation"},"content":{"rendered":"\t\t<div data-elementor-type=\"wp-page\" data-elementor-id=\"2135\" class=\"elementor elementor-2135\" data-elementor-post-type=\"page\">\n\t\t\t\t<div class=\"elementor-element elementor-element-091b2ab e-flex e-con-boxed e-con e-parent\" data-id=\"091b2ab\" data-element_type=\"container\" data-e-type=\"container\">\n\t\t\t\t\t<div class=\"e-con-inner\">\n\t\t\t\t<div class=\"elementor-element elementor-element-2ced435 elementor-widget elementor-widget-heading\" data-id=\"2ced435\" data-element_type=\"widget\" data-e-type=\"widget\" data-widget_type=\"heading.default\">\n\t\t\t\t<div class=\"elementor-widget-container\">\n\t\t\t\t\t<h2 class=\"elementor-heading-title elementor-size-default\">Privatiser l'atelier<\/h2>\t\t\t\t<\/div>\n\t\t\t\t<\/div>\n\t\t\t\t<div class=\"elementor-element elementor-element-10c8a81 elementor-widget elementor-widget-wpforms\" data-id=\"10c8a81\" data-element_type=\"widget\" data-e-type=\"widget\" data-widget_type=\"wpforms.default\">\n\t\t\t\t<div class=\"elementor-widget-container\">\n\t\t\t\t\t<div class=\"wpforms-container wpforms-container-full wpforms-render-modern\" id=\"wpforms-2133\"><form id=\"wpforms-form-2133\" class=\"wpforms-validate wpforms-form wpforms-ajax-form\" data-formid=\"2133\" method=\"post\" enctype=\"multipart\/form-data\" action=\"\/moninstantceramique\/wp-json\/wp\/v2\/pages\/2135\" data-token=\"e925c06fa00799f92827168ab13c5bff\" data-token-time=\"1776518024\"><noscript class=\"wpforms-error-noscript\">Veuillez activer JavaScript dans votre navigateur pour remplir ce formulaire.<\/noscript><div id=\"wpforms-error-noscript\" style=\"display: none;\">Veuillez activer JavaScript dans votre navigateur pour remplir ce formulaire.<\/div><div class=\"wpforms-field-container\"><div id=\"wpforms-2133-field_1-container\" class=\"wpforms-field wpforms-field-name\" data-field-id=\"1\"><fieldset><legend class=\"wpforms-field-label\">Identit\u00e9 <span class=\"wpforms-required-label\" aria-hidden=\"true\">*<\/span><\/legend><div class=\"wpforms-field-row wpforms-field-medium\"><div class=\"wpforms-field-row-block wpforms-first wpforms-one-half\"><input type=\"text\" id=\"wpforms-2133-field_1\" class=\"wpforms-field-name-first wpforms-field-required\" name=\"wpforms[fields][1][first]\" aria-errormessage=\"wpforms-2133-field_1-error\" required><label for=\"wpforms-2133-field_1\" class=\"wpforms-field-sublabel after\">Pr\u00e9nom<\/label><\/div><div class=\"wpforms-field-row-block wpforms-one-half\"><input type=\"text\" id=\"wpforms-2133-field_1-last\" class=\"wpforms-field-name-last wpforms-field-required\" name=\"wpforms[fields][1][last]\" aria-errormessage=\"wpforms-2133-field_1-last-error\" required><label for=\"wpforms-2133-field_1-last\" class=\"wpforms-field-sublabel after\">Nom<\/label><\/div><\/div><\/fieldset><\/div><div id=\"wpforms-2133-field_2-container\" class=\"wpforms-field wpforms-field-email\" data-field-id=\"2\"><label class=\"wpforms-field-label\" for=\"wpforms-2133-field_2\">Email <span class=\"wpforms-required-label\" aria-hidden=\"true\">*<\/span><\/label><input type=\"email\" id=\"wpforms-2133-field_2\" class=\"wpforms-field-medium wpforms-field-required\" name=\"wpforms[fields][2]\" spellcheck=\"false\" aria-errormessage=\"wpforms-2133-field_2-error\" required><\/div><div id=\"wpforms-2133-field_8-container\" class=\"wpforms-field wpforms-field-select wpforms-field-select-style-classic\" data-field-id=\"8\"><label class=\"wpforms-field-label\" for=\"wpforms-2133-field_8\">Nombres de personnes<\/label><select id=\"wpforms-2133-field_8\" class=\"wpforms-field-medium\" name=\"wpforms[fields][8]\"><option value=\"1\"  class=\"choice-1 depth-1\"  >1<\/option><option value=\"2\"  class=\"choice-2 depth-1\"  >2<\/option><option value=\"3\"  class=\"choice-3 depth-1\"  >3<\/option><option value=\"4\"  class=\"choice-4 depth-1\"  >4<\/option><option value=\"5\"  class=\"choice-5 depth-1\"  >5<\/option><option value=\"6\"  class=\"choice-6 depth-1\"  >6<\/option><option value=\"7\"  class=\"choice-7 depth-1\"  >7<\/option><option value=\"8\"  class=\"choice-8 depth-1\"  >8<\/option><option value=\"9\"  class=\"choice-9 depth-1\"  >9<\/option><option value=\"10\"  class=\"choice-10 depth-1\"  >10<\/option><option value=\"11\"  class=\"choice-12 depth-1\"  >11<\/option><option value=\"12\"  class=\"choice-13 depth-1\"  >12<\/option><\/select><\/div>\t\t<div id=\"wpforms-2133-field_3-container\"\n\t\t\tclass=\"wpforms-field wpforms-field-text\"\n\t\t\tdata-field-type=\"text\"\n\t\t\tdata-field-id=\"3\"\n\t\t\t>\n\t\t\t<label class=\"wpforms-field-label\" for=\"wpforms-2133-field_3\" >Identit\u00e9 Nombres ?<\/label>\n\t\t\t<input type=\"text\" id=\"wpforms-2133-field_3\" class=\"wpforms-field-medium\" name=\"wpforms[fields][3]\" >\n\t\t<\/div>\n\t\t<div id=\"wpforms-2133-field_5-container\" class=\"wpforms-field wpforms-field-checkbox\" data-field-id=\"5\"><fieldset><legend class=\"wpforms-field-label\">Quels blocs horaires souhaitez-vous r\u00e9server ? <span class=\"wpforms-required-label\" aria-hidden=\"true\">*<\/span><\/legend><ul id=\"wpforms-2133-field_5\" class=\"wpforms-field-required\"><li class=\"choice-2 depth-1\"><input type=\"checkbox\" id=\"wpforms-2133-field_5_2\" name=\"wpforms[fields][5][]\" value=\"09:00 - 11:00\" aria-errormessage=\"wpforms-2133-field_5_2-error\" required ><label class=\"wpforms-field-label-inline\" for=\"wpforms-2133-field_5_2\">09:00 - 11:00<\/label><\/li><li class=\"choice-3 depth-1\"><input type=\"checkbox\" id=\"wpforms-2133-field_5_3\" name=\"wpforms[fields][5][]\" value=\"11:00 - 13:00\" aria-errormessage=\"wpforms-2133-field_5_3-error\" required ><label class=\"wpforms-field-label-inline\" for=\"wpforms-2133-field_5_3\">11:00 - 13:00<\/label><\/li><li class=\"choice-7 depth-1\"><input type=\"checkbox\" id=\"wpforms-2133-field_5_7\" name=\"wpforms[fields][5][]\" value=\"13:00 - 15:00\" aria-errormessage=\"wpforms-2133-field_5_7-error\" required ><label class=\"wpforms-field-label-inline\" for=\"wpforms-2133-field_5_7\">13:00 - 15:00<\/label><\/li><li class=\"choice-6 depth-1\"><input type=\"checkbox\" id=\"wpforms-2133-field_5_6\" name=\"wpforms[fields][5][]\" value=\"15:00 - 17:00\" aria-errormessage=\"wpforms-2133-field_5_6-error\" required ><label class=\"wpforms-field-label-inline\" for=\"wpforms-2133-field_5_6\">15:00 - 17:00<\/label><\/li><li class=\"choice-5 depth-1\"><input type=\"checkbox\" id=\"wpforms-2133-field_5_5\" name=\"wpforms[fields][5][]\" value=\"17:00 - 19:00\" aria-errormessage=\"wpforms-2133-field_5_5-error\" required ><label class=\"wpforms-field-label-inline\" for=\"wpforms-2133-field_5_5\">17:00 - 19:00<\/label><\/li><li class=\"choice-4 depth-1\"><input type=\"checkbox\" id=\"wpforms-2133-field_5_4\" name=\"wpforms[fields][5][]\" value=\"19:00 - 21:00\" aria-errormessage=\"wpforms-2133-field_5_4-error\" required ><label class=\"wpforms-field-label-inline\" for=\"wpforms-2133-field_5_4\">19:00 - 21:00<\/label><\/li><\/ul><\/fieldset><\/div><div id=\"wpforms-2133-field_6-container\" class=\"wpforms-field wpforms-field-textarea\" data-field-id=\"6\"><label class=\"wpforms-field-label\" for=\"wpforms-2133-field_6\">\u00c9crivez nous<\/label><textarea id=\"wpforms-2133-field_6\" class=\"wpforms-field-medium\" name=\"wpforms[fields][6]\" placeholder=\"Votre message...\" aria-errormessage=\"wpforms-2133-field_6-error\" ><\/textarea><\/div><script>\n\t\t\t\t( function() {\n\t\t\t\t\tconst style = document.createElement( 'style' );\n\t\t\t\t\tstyle.appendChild( document.createTextNode( '#wpforms-2133-field_3-container { position: absolute !important; overflow: hidden !important; display: inline !important; height: 1px !important; width: 1px !important; z-index: -1000 !important; padding: 0 !important; } #wpforms-2133-field_3-container input { visibility: hidden; } #wpforms-conversational-form-page #wpforms-2133-field_3-container label { counter-increment: none; }' ) );\n\t\t\t\t\tdocument.head.appendChild( style );\n\t\t\t\t\tdocument.currentScript?.remove();\n\t\t\t\t} )();\n\t\t\t<\/script><\/div><!-- .wpforms-field-container --><div class=\"wpforms-submit-container\" ><input type=\"hidden\" name=\"wpforms[id]\" value=\"2133\"><input type=\"hidden\" name=\"page_title\" value=\"\"><input type=\"hidden\" name=\"page_url\" value=\"https:\/\/www.envolcreation.fr\/moninstantceramique\/wp-json\/wp\/v2\/pages\/2135\"><input type=\"hidden\" name=\"url_referer\" value=\"\"><button type=\"submit\" name=\"wpforms[submit]\" id=\"wpforms-submit-2133\" class=\"wpforms-submit\" data-alt-text=\"envoi...\" data-submit-text=\"Envoyer\" aria-live=\"assertive\" value=\"wpforms-submit\">Envoyer<\/button><img decoding=\"async\" src=\"https:\/\/www.envolcreation.fr\/moninstantceramique\/wp-content\/plugins\/wpforms-lite\/assets\/images\/submit-spin.svg\" class=\"wpforms-submit-spinner\" style=\"display: none;\" width=\"26\" height=\"26\" alt=\"Chargement en cours\"><\/div><\/form><\/div>  <!-- .wpforms-container -->\t\t\t\t<\/div>\n\t\t\t\t<\/div>\n\t\t\t\t\t<\/div>\n\t\t\t\t<\/div>\n\t\t\t\t<\/div>\n\t\t","protected":false},"excerpt":{"rendered":"<p>Privatiser l&rsquo;atelier Veuillez activer JavaScript dans votre navigateur pour remplir ce formulaire.Veuillez activer JavaScript dans votre navigateur pour remplir ce formulaire. Identit\u00e9 * Pr\u00e9nomNom Soci\u00e9t\u00e9 *Email *Nombres de personnes123456789101112 Quels blocs horaires souhaitez-vous r\u00e9server ? * 9:00 &#8211; 10:00 10:00 &#8211; 11:00 11:00 &#8211; 12:00 12:00 &#8211; 13:00 13:00 &#8211; 14:00 14:00 &#8211; 15:00 15:00 [&hellip;]<\/p>\n","protected":false},"author":1,"featured_media":0,"parent":0,"menu_order":0,"comment_status":"closed","ping_status":"closed","template":"","meta":{"ocean_post_layout":"","ocean_both_sidebars_style":"","ocean_both_sidebars_content_width":0,"ocean_both_sidebars_sidebars_width":0,"ocean_sidebar":"","ocean_second_sidebar":"","ocean_disable_margins":"enable","ocean_add_body_class":"","ocean_shortcode_before_top_bar":"","ocean_shortcode_after_top_bar":"","ocean_shortcode_before_header":"","ocean_shortcode_after_header":"","ocean_has_shortcode":"","ocean_shortcode_after_title":"","ocean_shortcode_before_footer_widgets":"","ocean_shortcode_after_footer_widgets":"","ocean_shortcode_before_footer_bottom":"","ocean_shortcode_after_footer_bottom":"","ocean_display_top_bar":"default","ocean_display_header":"default","ocean_header_style":"","ocean_center_header_left_menu":"","ocean_custom_header_template":"","ocean_custom_logo":0,"ocean_custom_retina_logo":0,"ocean_custom_logo_max_width":0,"ocean_custom_logo_tablet_max_width":0,"ocean_custom_logo_mobile_max_width":0,"ocean_custom_logo_max_height":0,"ocean_custom_logo_tablet_max_height":0,"ocean_custom_logo_mobile_max_height":0,"ocean_header_custom_menu":"","ocean_menu_typo_font_family":"","ocean_menu_typo_font_subset":"","ocean_menu_typo_font_size":0,"ocean_menu_typo_font_size_tablet":0,"ocean_menu_typo_font_size_mobile":0,"ocean_menu_typo_font_size_unit":"px","ocean_menu_typo_font_weight":"","ocean_menu_typo_font_weight_tablet":"","ocean_menu_typo_font_weight_mobile":"","ocean_menu_typo_transform":"","ocean_menu_typo_transform_tablet":"","ocean_menu_typo_transform_mobile":"","ocean_menu_typo_line_height":0,"ocean_menu_typo_line_height_tablet":0,"ocean_menu_typo_line_height_mobile":0,"ocean_menu_typo_line_height_unit":"","ocean_menu_typo_spacing":0,"ocean_menu_typo_spacing_tablet":0,"ocean_menu_typo_spacing_mobile":0,"ocean_menu_typo_spacing_unit":"","ocean_menu_link_color":"","ocean_menu_link_color_hover":"","ocean_menu_link_color_active":"","ocean_menu_link_background":"","ocean_menu_link_hover_background":"","ocean_menu_link_active_background":"","ocean_menu_social_links_bg":"","ocean_menu_social_hover_links_bg":"","ocean_menu_social_links_color":"","ocean_menu_social_hover_links_color":"","ocean_disable_title":"default","ocean_disable_heading":"default","ocean_post_title":"","ocean_post_subheading":"","ocean_post_title_style":"","ocean_post_title_background_color":"","ocean_post_title_background":0,"ocean_post_title_bg_image_position":"","ocean_post_title_bg_image_attachment":"","ocean_post_title_bg_image_repeat":"","ocean_post_title_bg_image_size":"","ocean_post_title_height":0,"ocean_post_title_bg_overlay":0.5,"ocean_post_title_bg_overlay_color":"","ocean_disable_breadcrumbs":"default","ocean_breadcrumbs_color":"","ocean_breadcrumbs_separator_color":"","ocean_breadcrumbs_links_color":"","ocean_breadcrumbs_links_hover_color":"","ocean_display_footer_widgets":"default","ocean_display_footer_bottom":"default","ocean_custom_footer_template":"","footnotes":""},"class_list":["post-2135","page","type-page","status-publish","hentry","entry","owp-thumbs-layout-horizontal","owp-btn-normal","owp-tabs-layout-horizontal","has-no-thumbnails","has-product-nav"],"_links":{"self":[{"href":"https:\/\/www.envolcreation.fr\/moninstantceramique\/wp-json\/wp\/v2\/pages\/2135","targetHints":{"allow":["GET"]}}],"collection":[{"href":"https:\/\/www.envolcreation.fr\/moninstantceramique\/wp-json\/wp\/v2\/pages"}],"about":[{"href":"https:\/\/www.envolcreation.fr\/moninstantceramique\/wp-json\/wp\/v2\/types\/page"}],"author":[{"embeddable":true,"href":"https:\/\/www.envolcreation.fr\/moninstantceramique\/wp-json\/wp\/v2\/users\/1"}],"replies":[{"embeddable":true,"href":"https:\/\/www.envolcreation.fr\/moninstantceramique\/wp-json\/wp\/v2\/comments?post=2135"}],"version-history":[{"count":16,"href":"https:\/\/www.envolcreation.fr\/moninstantceramique\/wp-json\/wp\/v2\/pages\/2135\/revisions"}],"predecessor-version":[{"id":2154,"href":"https:\/\/www.envolcreation.fr\/moninstantceramique\/wp-json\/wp\/v2\/pages\/2135\/revisions\/2154"}],"wp:attachment":[{"href":"https:\/\/www.envolcreation.fr\/moninstantceramique\/wp-json\/wp\/v2\/media?parent=2135"}],"curies":[{"name":"wp","href":"https:\/\/api.w.org\/{rel}","templated":true}]}}