{"id":128,"date":"2025-03-05T13:13:03","date_gmt":"2025-03-05T12:13:03","guid":{"rendered":"https:\/\/www.envolcreation.fr\/moninstantceramique\/?post_type=product&#038;p=128"},"modified":"2026-04-13T10:44:32","modified_gmt":"2026-04-13T08:44:32","slug":"un-beau-moment-entre-amis","status":"publish","type":"product","link":"https:\/\/www.envolcreation.fr\/moninstantceramique\/produit\/un-beau-moment-entre-amis\/","title":{"rendered":"Un beau moment entre amis"},"content":{"rendered":"<p>Les cuissons et les mat\u00e9riaux sont compris dans le tarif.<\/p>\n","protected":false},"excerpt":{"rendered":"<p>Venez d\u00e9couvrir le plaisir de travailler la terre, seul au sein d\u2019un groupe ou avec des amis ! Dans une ambiance conviviale, chaque participant aura l&rsquo;occasion de cr\u00e9er et de modeler sa propre pi\u00e8ce. Prenez le temps de la d\u00e9corer selon votre inspiration !<\/p>\n<p>Apr\u00e8s la cr\u00e9ation, vos \u0153uvres seront soigneusement cuites et \u00e9maill\u00e9es par nos soins, avec un d\u00e9lai d&rsquo;environ 2 mois avant de pouvoir les r\u00e9cup\u00e9rer. Patience et \u00e9merveillement garantis !<\/p>\n<p>\ud83d\udc49 D\u00e9tails Pratiques :<br \/>\n\ud83d\udd39 Cours unitaires de 2h30<br \/>\n\ud83d\udd39 Tarif : 85 euros par personne<br \/>\n\ud83d\udd39 Chaque \u00e9l\u00e8ve r\u00e9alise une pi\u00e8ce. Pour les cr\u00e9ations suppl\u00e9mentaires, un l\u00e9ger surplus de cuisson\u00a0sera\u00a0demand\u00e9.<\/p>\n","protected":false},"featured_media":138,"comment_status":"closed","ping_status":"closed","template":"","meta":{"ocean_post_layout":"","ocean_both_sidebars_style":"","ocean_both_sidebars_content_width":0,"ocean_both_sidebars_sidebars_width":0,"ocean_sidebar":"0","ocean_second_sidebar":"0","ocean_disable_margins":"enable","ocean_add_body_class":"","ocean_shortcode_before_top_bar":"","ocean_shortcode_after_top_bar":"","ocean_shortcode_before_header":"","ocean_shortcode_after_header":"","ocean_has_shortcode":"","ocean_shortcode_after_title":"","ocean_shortcode_before_footer_widgets":"","ocean_shortcode_after_footer_widgets":"","ocean_shortcode_before_footer_bottom":"","ocean_shortcode_after_footer_bottom":"","ocean_display_top_bar":"default","ocean_display_header":"default","ocean_header_style":"","ocean_center_header_left_menu":"0","ocean_custom_header_template":"0","ocean_custom_logo":0,"ocean_custom_retina_logo":0,"ocean_custom_logo_max_width":0,"ocean_custom_logo_tablet_max_width":0,"ocean_custom_logo_mobile_max_width":0,"ocean_custom_logo_max_height":0,"ocean_custom_logo_tablet_max_height":0,"ocean_custom_logo_mobile_max_height":0,"ocean_header_custom_menu":"0","ocean_menu_typo_font_family":"0","ocean_menu_typo_font_subset":"","ocean_menu_typo_font_size":0,"ocean_menu_typo_font_size_tablet":0,"ocean_menu_typo_font_size_mobile":0,"ocean_menu_typo_font_size_unit":"px","ocean_menu_typo_font_weight":"","ocean_menu_typo_font_weight_tablet":"","ocean_menu_typo_font_weight_mobile":"","ocean_menu_typo_transform":"","ocean_menu_typo_transform_tablet":"","ocean_menu_typo_transform_mobile":"","ocean_menu_typo_line_height":0,"ocean_menu_typo_line_height_tablet":0,"ocean_menu_typo_line_height_mobile":0,"ocean_menu_typo_line_height_unit":"","ocean_menu_typo_spacing":0,"ocean_menu_typo_spacing_tablet":0,"ocean_menu_typo_spacing_mobile":0,"ocean_menu_typo_spacing_unit":"","ocean_menu_link_color":"","ocean_menu_link_color_hover":"","ocean_menu_link_color_active":"","ocean_menu_link_background":"","ocean_menu_link_hover_background":"","ocean_menu_link_active_background":"","ocean_menu_social_links_bg":"","ocean_menu_social_hover_links_bg":"","ocean_menu_social_links_color":"","ocean_menu_social_hover_links_color":"","ocean_disable_title":"default","ocean_disable_heading":"default","ocean_post_title":"","ocean_post_subheading":"","ocean_post_title_style":"","ocean_post_title_background_color":"","ocean_post_title_background":0,"ocean_post_title_bg_image_position":"","ocean_post_title_bg_image_attachment":"","ocean_post_title_bg_image_repeat":"","ocean_post_title_bg_image_size":"","ocean_post_title_height":0,"ocean_post_title_bg_overlay":0.5,"ocean_post_title_bg_overlay_color":"","ocean_disable_breadcrumbs":"default","ocean_breadcrumbs_color":"","ocean_breadcrumbs_separator_color":"","ocean_breadcrumbs_links_color":"","ocean_breadcrumbs_links_hover_color":"","ocean_display_footer_widgets":"default","ocean_display_footer_bottom":"default","ocean_custom_footer_template":"0"},"product_brand":[],"product_cat":[16],"product_tag":[],"class_list":{"0":"post-128","1":"product","2":"type-product","3":"status-publish","4":"has-post-thumbnail","6":"product_cat-cours","8":"entry","9":"has-media","11":"first","12":"instock","13":"virtual","14":"sold-individually","15":"taxable","16":"purchasable","17":"product-type-booking","18":"has-product-nav","19":"col","20":"span_1_of_3","21":"owp-content-center","22":"owp-thumbs-layout-horizontal","23":"owp-btn-normal","24":"owp-tabs-layout-horizontal","25":"has-no-thumbnails"},"_links":{"self":[{"href":"https:\/\/www.envolcreation.fr\/moninstantceramique\/wp-json\/wp\/v2\/product\/128","targetHints":{"allow":["GET"]}}],"collection":[{"href":"https:\/\/www.envolcreation.fr\/moninstantceramique\/wp-json\/wp\/v2\/product"}],"about":[{"href":"https:\/\/www.envolcreation.fr\/moninstantceramique\/wp-json\/wp\/v2\/types\/product"}],"replies":[{"embeddable":true,"href":"https:\/\/www.envolcreation.fr\/moninstantceramique\/wp-json\/wp\/v2\/comments?post=128"}],"wp:featuredmedia":[{"embeddable":true,"href":"https:\/\/www.envolcreation.fr\/moninstantceramique\/wp-json\/wp\/v2\/media\/138"}],"wp:attachment":[{"href":"https:\/\/www.envolcreation.fr\/moninstantceramique\/wp-json\/wp\/v2\/media?parent=128"}],"wp:term":[{"taxonomy":"product_brand","embeddable":true,"href":"https:\/\/www.envolcreation.fr\/moninstantceramique\/wp-json\/wp\/v2\/product_brand?post=128"},{"taxonomy":"product_cat","embeddable":true,"href":"https:\/\/www.envolcreation.fr\/moninstantceramique\/wp-json\/wp\/v2\/product_cat?post=128"},{"taxonomy":"product_tag","embeddable":true,"href":"https:\/\/www.envolcreation.fr\/moninstantceramique\/wp-json\/wp\/v2\/product_tag?post=128"}],"curies":[{"name":"wp","href":"https:\/\/api.w.org\/{rel}","templated":true}]}}