{"id":216,"date":"2025-04-29T12:15:59","date_gmt":"2025-04-29T10:15:59","guid":{"rendered":"https:\/\/www.envolcreation.fr\/moninstantceramique\/?post_type=product&#038;p=216"},"modified":"2025-10-08T12:34:07","modified_gmt":"2025-10-08T10:34:07","slug":"cours-annuels-2025-2026","status":"publish","type":"product","link":"https:\/\/www.envolcreation.fr\/moninstantceramique\/produit\/cours-annuels-2025-2026\/","title":{"rendered":"Cours annuels 2025-2026"},"content":{"rendered":"","protected":false},"excerpt":{"rendered":"<p>L&rsquo;atelier fournit aux \u00e9l\u00e8ves:<br \/>\n&#8211; Argile \u00ab Gr\u00e8s lisse \u00bb<br \/>\n&#8211; Une r\u00e9alisation par cours (18 cm de hauteur maximum)<br \/>\n&#8211; Accompagnement de votre projet<br \/>\n&#8211; Une cuisson de votre pi\u00e8ce + \u00e9maillage<br \/>\nNon compris dans le tarif de votre cours :<br \/>\n&#8211; Cuisson si r\u00e9alisation suppl\u00e9mentaire<br \/>\n&#8211; Cuisson en suppl\u00e9ment pour toutes pi\u00e8ces r\u00e9alis\u00e9es en porcelaine (+ ajout de 3 \u20ac<br \/>\nforfaitaire par pi\u00e8ce) r\u00e9alis\u00e9es en gr\u00e8s (+ ajout de 1 \u20ac forfaitaire par pi\u00e8ce )<br \/>\n&#8211; Tarif des cuissons : 7 euros\/ kg en Basse Temp\u00e9rature<br \/>\n9 euros\/ kg en Haute Temp\u00e9rature<br \/>\n&#8211; Tous les suppl\u00e9ments sont \u00e0 r\u00e9gler chaque trimestre.<br \/>\nLes objets r\u00e9alis\u00e9s durant les cours seront \u00e9maill\u00e9s par l&rsquo;\u00e9l\u00e8ve \u00e0 l&rsquo;atelier, les \u00e9l\u00e8ves en prendront<br \/>\npossession apr\u00e8s les cuissons.<br \/>\nL&rsquo;atelier ne peut \u00eatre responsable des r\u00e9sultats du d\u00e9fournement. La c\u00e9ramique est une discipline des<br \/>\narts du feu, les r\u00e9actions inattendues de l&rsquo;\u00e9mail sont incontournables.<br \/>\nLe stagiaire s&rsquo;engage sur l\u2019ann\u00e9e compl\u00e8te de 2025- 2026<br \/>\nEn cas d&rsquo;absence du stagiaire \u00e0 un cours, celui-ci ne pourra \u00eatre rattrap\u00e9,\u00a0ni\u00a0rembours\u00e9<\/p>\n","protected":false},"featured_media":268,"comment_status":"open","ping_status":"closed","template":"","meta":{"ocean_post_layout":"","ocean_both_sidebars_style":"","ocean_both_sidebars_content_width":0,"ocean_both_sidebars_sidebars_width":0,"ocean_sidebar":"0","ocean_second_sidebar":"0","ocean_disable_margins":"enable","ocean_add_body_class":"","ocean_shortcode_before_top_bar":"","ocean_shortcode_after_top_bar":"","ocean_shortcode_before_header":"","ocean_shortcode_after_header":"","ocean_has_shortcode":"","ocean_shortcode_after_title":"","ocean_shortcode_before_footer_widgets":"","ocean_shortcode_after_footer_widgets":"","ocean_shortcode_before_footer_bottom":"","ocean_shortcode_after_footer_bottom":"","ocean_display_top_bar":"default","ocean_display_header":"default","ocean_header_style":"","ocean_center_header_left_menu":"0","ocean_custom_header_template":"0","ocean_custom_logo":0,"ocean_custom_retina_logo":0,"ocean_custom_logo_max_width":0,"ocean_custom_logo_tablet_max_width":0,"ocean_custom_logo_mobile_max_width":0,"ocean_custom_logo_max_height":0,"ocean_custom_logo_tablet_max_height":0,"ocean_custom_logo_mobile_max_height":0,"ocean_header_custom_menu":"0","ocean_menu_typo_font_family":"0","ocean_menu_typo_font_subset":"","ocean_menu_typo_font_size":0,"ocean_menu_typo_font_size_tablet":0,"ocean_menu_typo_font_size_mobile":0,"ocean_menu_typo_font_size_unit":"px","ocean_menu_typo_font_weight":"","ocean_menu_typo_font_weight_tablet":"","ocean_menu_typo_font_weight_mobile":"","ocean_menu_typo_transform":"","ocean_menu_typo_transform_tablet":"","ocean_menu_typo_transform_mobile":"","ocean_menu_typo_line_height":0,"ocean_menu_typo_line_height_tablet":0,"ocean_menu_typo_line_height_mobile":0,"ocean_menu_typo_line_height_unit":"","ocean_menu_typo_spacing":0,"ocean_menu_typo_spacing_tablet":0,"ocean_menu_typo_spacing_mobile":0,"ocean_menu_typo_spacing_unit":"","ocean_menu_link_color":"","ocean_menu_link_color_hover":"","ocean_menu_link_color_active":"","ocean_menu_link_background":"","ocean_menu_link_hover_background":"","ocean_menu_link_active_background":"","ocean_menu_social_links_bg":"","ocean_menu_social_hover_links_bg":"","ocean_menu_social_links_color":"","ocean_menu_social_hover_links_color":"","ocean_disable_title":"default","ocean_disable_heading":"default","ocean_post_title":"","ocean_post_subheading":"","ocean_post_title_style":"","ocean_post_title_background_color":"","ocean_post_title_background":0,"ocean_post_title_bg_image_position":"","ocean_post_title_bg_image_attachment":"","ocean_post_title_bg_image_repeat":"","ocean_post_title_bg_image_size":"","ocean_post_title_height":0,"ocean_post_title_bg_overlay":0.5,"ocean_post_title_bg_overlay_color":"","ocean_disable_breadcrumbs":"default","ocean_breadcrumbs_color":"","ocean_breadcrumbs_separator_color":"","ocean_breadcrumbs_links_color":"","ocean_breadcrumbs_links_hover_color":"","ocean_display_footer_widgets":"default","ocean_display_footer_bottom":"default","ocean_custom_footer_template":"0"},"product_brand":[],"product_cat":[16],"product_tag":[],"class_list":{"0":"post-216","1":"product","2":"type-product","3":"status-publish","4":"has-post-thumbnail","6":"product_cat-cours","8":"entry","9":"has-media","11":"first","12":"instock","13":"taxable","14":"shipping-taxable","15":"purchasable","16":"product-type-variable","17":"has-product-nav","18":"col","19":"span_1_of_3","20":"owp-content-center","21":"owp-thumbs-layout-horizontal","22":"owp-btn-normal","23":"owp-tabs-layout-horizontal","24":"has-no-thumbnails"},"_links":{"self":[{"href":"https:\/\/www.envolcreation.fr\/moninstantceramique\/wp-json\/wp\/v2\/product\/216","targetHints":{"allow":["GET"]}}],"collection":[{"href":"https:\/\/www.envolcreation.fr\/moninstantceramique\/wp-json\/wp\/v2\/product"}],"about":[{"href":"https:\/\/www.envolcreation.fr\/moninstantceramique\/wp-json\/wp\/v2\/types\/product"}],"replies":[{"embeddable":true,"href":"https:\/\/www.envolcreation.fr\/moninstantceramique\/wp-json\/wp\/v2\/comments?post=216"}],"wp:featuredmedia":[{"embeddable":true,"href":"https:\/\/www.envolcreation.fr\/moninstantceramique\/wp-json\/wp\/v2\/media\/268"}],"wp:attachment":[{"href":"https:\/\/www.envolcreation.fr\/moninstantceramique\/wp-json\/wp\/v2\/media?parent=216"}],"wp:term":[{"taxonomy":"product_brand","embeddable":true,"href":"https:\/\/www.envolcreation.fr\/moninstantceramique\/wp-json\/wp\/v2\/product_brand?post=216"},{"taxonomy":"product_cat","embeddable":true,"href":"https:\/\/www.envolcreation.fr\/moninstantceramique\/wp-json\/wp\/v2\/product_cat?post=216"},{"taxonomy":"product_tag","embeddable":true,"href":"https:\/\/www.envolcreation.fr\/moninstantceramique\/wp-json\/wp\/v2\/product_tag?post=216"}],"curies":[{"name":"wp","href":"https:\/\/api.w.org\/{rel}","templated":true}]}}