{"id":2175,"date":"2025-07-10T12:08:50","date_gmt":"2025-07-10T10:08:50","guid":{"rendered":"https:\/\/www.envolcreation.fr\/moninstantceramique\/?post_type=product&#038;p=2175"},"modified":"2026-03-18T13:44:12","modified_gmt":"2026-03-18T12:44:12","slug":"soiree-cocooning-%c2%b7-beauthe","status":"publish","type":"product","link":"https:\/\/www.envolcreation.fr\/moninstantceramique\/produit\/soiree-cocooning-%c2%b7-beauthe\/","title":{"rendered":"Instant cocooning"},"content":{"rendered":"","protected":false},"excerpt":{"rendered":"<p>D\u00e9couverte des piliers de la beaut\u00e9 et du bien-\u00eatre.<\/p>\n<p>Venez vous accorder une pause pour vous reconnecter \u00e0 vous-m\u00eame, laisser libre cours \u00e0 votre cr\u00e9ativit\u00e9 et d\u00e9couvrir des produits fabriqu\u00e9s en Bretagne, pens\u00e9s pour accompagner votre beaut\u00e9 naturelle.<\/p>\n<p>Au programme :<\/p>\n<p>D\u00e9tente et d\u00e9couverte : Un moment pour explorer une gamme de soins con\u00e7ue pour c\u00e9l\u00e9brer le bien-\u00eatre au quotidien.<\/p>\n<p>Atelier cr\u00e9atif : D\u00e9corez une pi\u00e8ce en c\u00e9ramique, une activit\u00e9 apaisante pour l\u2019esprit et une invitation \u00e0 exprimer votre sens artistique.<\/p>\n<p>Pause gourmande : D\u00e9gustez un th\u00e9 et une p\u00e2tisserie dans une ambiance chaleureuse et inspirante.<\/p>\n<p>Infos pratiques :<\/p>\n<p>Quand ? Tous les 2\u00e8mes dimanches du mois, de 9h30 \u00e0 11h30.<\/p>\n<p>Tarif : 19 euros \u2013 Nombre de places limit\u00e9.<\/p>\n<p>O\u00f9 ? \u00c0 l\u2019atelier, dans un cadre apaisant et bienveillant.<\/p>\n<p>R\u00e9servation obligatoire. Ouvert \u00e0 toutes.<\/p>\n<p>Un temps pour vous, rien que pour vous, parce que ces moments de douceur comptent.<\/p>\n","protected":false},"featured_media":2588,"comment_status":"open","ping_status":"closed","template":"","meta":{"ocean_post_layout":"","ocean_both_sidebars_style":"","ocean_both_sidebars_content_width":0,"ocean_both_sidebars_sidebars_width":0,"ocean_sidebar":"0","ocean_second_sidebar":"0","ocean_disable_margins":"enable","ocean_add_body_class":"","ocean_shortcode_before_top_bar":"","ocean_shortcode_after_top_bar":"","ocean_shortcode_before_header":"","ocean_shortcode_after_header":"","ocean_has_shortcode":"","ocean_shortcode_after_title":"","ocean_shortcode_before_footer_widgets":"","ocean_shortcode_after_footer_widgets":"","ocean_shortcode_before_footer_bottom":"","ocean_shortcode_after_footer_bottom":"","ocean_display_top_bar":"default","ocean_display_header":"default","ocean_header_style":"","ocean_center_header_left_menu":"0","ocean_custom_header_template":"0","ocean_custom_logo":0,"ocean_custom_retina_logo":0,"ocean_custom_logo_max_width":0,"ocean_custom_logo_tablet_max_width":0,"ocean_custom_logo_mobile_max_width":0,"ocean_custom_logo_max_height":0,"ocean_custom_logo_tablet_max_height":0,"ocean_custom_logo_mobile_max_height":0,"ocean_header_custom_menu":"0","ocean_menu_typo_font_family":"0","ocean_menu_typo_font_subset":"","ocean_menu_typo_font_size":0,"ocean_menu_typo_font_size_tablet":0,"ocean_menu_typo_font_size_mobile":0,"ocean_menu_typo_font_size_unit":"px","ocean_menu_typo_font_weight":"","ocean_menu_typo_font_weight_tablet":"","ocean_menu_typo_font_weight_mobile":"","ocean_menu_typo_transform":"","ocean_menu_typo_transform_tablet":"","ocean_menu_typo_transform_mobile":"","ocean_menu_typo_line_height":0,"ocean_menu_typo_line_height_tablet":0,"ocean_menu_typo_line_height_mobile":0,"ocean_menu_typo_line_height_unit":"","ocean_menu_typo_spacing":0,"ocean_menu_typo_spacing_tablet":0,"ocean_menu_typo_spacing_mobile":0,"ocean_menu_typo_spacing_unit":"","ocean_menu_link_color":"","ocean_menu_link_color_hover":"","ocean_menu_link_color_active":"","ocean_menu_link_background":"","ocean_menu_link_hover_background":"","ocean_menu_link_active_background":"","ocean_menu_social_links_bg":"","ocean_menu_social_hover_links_bg":"","ocean_menu_social_links_color":"","ocean_menu_social_hover_links_color":"","ocean_disable_title":"default","ocean_disable_heading":"default","ocean_post_title":"","ocean_post_subheading":"","ocean_post_title_style":"","ocean_post_title_background_color":"","ocean_post_title_background":0,"ocean_post_title_bg_image_position":"","ocean_post_title_bg_image_attachment":"","ocean_post_title_bg_image_repeat":"","ocean_post_title_bg_image_size":"","ocean_post_title_height":0,"ocean_post_title_bg_overlay":0.5,"ocean_post_title_bg_overlay_color":"","ocean_disable_breadcrumbs":"default","ocean_breadcrumbs_color":"","ocean_breadcrumbs_separator_color":"","ocean_breadcrumbs_links_color":"","ocean_breadcrumbs_links_hover_color":"","ocean_display_footer_widgets":"default","ocean_display_footer_bottom":"default","ocean_custom_footer_template":"0"},"product_brand":[],"product_cat":[49],"product_tag":[],"class_list":{"0":"post-2175","1":"product","2":"type-product","3":"status-publish","4":"has-post-thumbnail","6":"product_cat-soiree","8":"entry","9":"has-media","11":"first","12":"instock","13":"virtual","14":"sold-individually","15":"taxable","16":"purchasable","17":"product-type-booking","18":"has-product-nav","19":"col","20":"span_1_of_3","21":"owp-content-center","22":"owp-thumbs-layout-horizontal","23":"owp-btn-normal","24":"owp-tabs-layout-horizontal"},"_links":{"self":[{"href":"https:\/\/www.envolcreation.fr\/moninstantceramique\/wp-json\/wp\/v2\/product\/2175","targetHints":{"allow":["GET"]}}],"collection":[{"href":"https:\/\/www.envolcreation.fr\/moninstantceramique\/wp-json\/wp\/v2\/product"}],"about":[{"href":"https:\/\/www.envolcreation.fr\/moninstantceramique\/wp-json\/wp\/v2\/types\/product"}],"replies":[{"embeddable":true,"href":"https:\/\/www.envolcreation.fr\/moninstantceramique\/wp-json\/wp\/v2\/comments?post=2175"}],"wp:featuredmedia":[{"embeddable":true,"href":"https:\/\/www.envolcreation.fr\/moninstantceramique\/wp-json\/wp\/v2\/media\/2588"}],"wp:attachment":[{"href":"https:\/\/www.envolcreation.fr\/moninstantceramique\/wp-json\/wp\/v2\/media?parent=2175"}],"wp:term":[{"taxonomy":"product_brand","embeddable":true,"href":"https:\/\/www.envolcreation.fr\/moninstantceramique\/wp-json\/wp\/v2\/product_brand?post=2175"},{"taxonomy":"product_cat","embeddable":true,"href":"https:\/\/www.envolcreation.fr\/moninstantceramique\/wp-json\/wp\/v2\/product_cat?post=2175"},{"taxonomy":"product_tag","embeddable":true,"href":"https:\/\/www.envolcreation.fr\/moninstantceramique\/wp-json\/wp\/v2\/product_tag?post=2175"}],"curies":[{"name":"wp","href":"https:\/\/api.w.org\/{rel}","templated":true}]}}